{"id":4401,"date":"2022-04-26T15:56:47","date_gmt":"2022-04-26T13:56:47","guid":{"rendered":"https:\/\/artone.poush-dev.be\/confirmation\/"},"modified":"2024-09-24T14:36:43","modified_gmt":"2024-09-24T12:36:43","slug":"bevestiging","status":"publish","type":"page","link":"https:\/\/www.artone.be\/nl\/bevestiging\/","title":{"rendered":"Bevestiging"},"content":{"rendered":"<p>[et_pb_section fb_built=&#8221;1&#8243; admin_label=&#8221;section&#8221; _builder_version=&#8221;4.16&#8243; custom_padding=&#8221;90px||90px||true|&#8221; da_disable_devices=&#8221;off|off|off&#8221; global_colors_info=&#8221;{}&#8221; da_is_popup=&#8221;off&#8221; da_exit_intent=&#8221;off&#8221; da_has_close=&#8221;on&#8221; da_alt_close=&#8221;off&#8221; da_dark_close=&#8221;off&#8221; da_not_modal=&#8221;on&#8221; da_is_singular=&#8221;off&#8221; da_with_loader=&#8221;off&#8221; da_has_shadow=&#8221;on&#8221;][et_pb_row admin_label=&#8221;row&#8221; _builder_version=&#8221;4.16&#8243; background_size=&#8221;initial&#8221; background_position=&#8221;top_left&#8221; background_repeat=&#8221;repeat&#8221; global_colors_info=&#8221;{}&#8221;][et_pb_column type=&#8221;4_4&#8243; _builder_version=&#8221;4.16&#8243; custom_padding=&#8221;|||&#8221; global_colors_info=&#8221;{}&#8221; custom_padding__hover=&#8221;|||&#8221;][et_pb_text admin_label=&#8221;Text&#8221; module_class=&#8221;h2-size&#8221; _builder_version=&#8221;4.27.0&#8243; background_size=&#8221;initial&#8221; background_position=&#8221;top_left&#8221; background_repeat=&#8221;repeat&#8221; custom_margin=&#8221;||10px||false|false&#8221; hover_enabled=&#8221;0&#8243; global_colors_info=&#8221;{}&#8221; max_width=&#8221;800px&#8221; module_alignment=&#8221;center&#8221; sticky_enabled=&#8221;0&#8243;]<\/p>\n<h1 style=\"text-align: center;\">Bedankt dat je contact met ons hebt opgenomen!<\/h1>\n<p>[\/et_pb_text][et_pb_text admin_label=&#8221;Text&#8221; _builder_version=&#8221;4.27.0&#8243; background_size=&#8221;initial&#8221; background_position=&#8221;top_left&#8221; background_repeat=&#8221;repeat&#8221; custom_margin=&#8221;||68px|||&#8221; global_colors_info=&#8221;{}&#8221;]<\/p>\n<p style=\"text-align: center;\">Je aanvraag is succesvol verzonden.<br \/>We verwerken het en nemen zo snel mogelijk contact met je op.<\/p>\n<p>[\/et_pb_text][et_pb_button button_url=&#8221;@ET-DC@eyJkeW5hbWljIjp0cnVlLCJjb250ZW50IjoiaG9tZV91cmwiLCJzZXR0aW5ncyI6e319@&#8221; button_text=&#8221;Terug naar de startpagina&#8221; button_alignment=&#8221;center&#8221; _builder_version=&#8221;4.27.0&#8243; _dynamic_attributes=&#8221;button_text,button_url&#8221; _module_preset=&#8221;_initial&#8221; hover_enabled=&#8221;0&#8243; global_colors_info=&#8221;{}&#8221; sticky_enabled=&#8221;0&#8243;][\/et_pb_button][\/et_pb_column][\/et_pb_row][\/et_pb_section]<\/p>\n","protected":false},"excerpt":{"rendered":"<p>Bedankt dat je contact met ons hebt opgenomen!Je aanvraag is succesvol verzonden.We verwerken het en nemen zo snel mogelijk contact met je op.<\/p>\n","protected":false},"author":1,"featured_media":0,"parent":0,"menu_order":802,"comment_status":"closed","ping_status":"closed","template":"","meta":{"_acf_changed":false,"_et_pb_use_builder":"on","_et_pb_old_content":"[vc_row css=\".vc_custom_1650981400486{padding-top: 150px !important;padding-bottom: 150px !important;}\"][vc_column][vc_column_text]\r\n<h1 style=\"text-align: center;\">Merci pour votre demande !<\/h1>\r\n<p style=\"text-align: center;\">Elle a \u00e9t\u00e9 envoy\u00e9e avec succ\u00e8s. Nous la traitons et revenons vers vous dans les plus brefs d\u00e9lais.<\/p>\r\n[\/vc_column_text][dt_default_button link=\"url:https%3A%2F%2Fwww.artone.be%2F|title:Accueil\" size=\"big\" button_alignment=\"btn_center\"]Revenez \u00e0 la page d\u2019accueil[\/dt_default_button][\/vc_column][\/vc_row]","_et_gb_content_width":"","inline_featured_image":false,"footnotes":""},"class_list":["post-4401","page","type-page","status-publish","hentry"],"acf":[],"yoast_head":"<!-- This site is optimized with the Yoast SEO plugin v27.5 - https:\/\/yoast.com\/product\/yoast-seo-wordpress\/ -->\n<title>Bevestiging | Artone<\/title>\n<meta name=\"robots\" content=\"index, follow, max-snippet:-1, max-image-preview:large, max-video-preview:-1\" \/>\n<link rel=\"canonical\" href=\"https:\/\/www.artone.be\/nl\/bevestiging\/\" \/>\n<meta property=\"og:locale\" content=\"nl_BE\" \/>\n<meta property=\"og:type\" content=\"article\" \/>\n<meta property=\"og:title\" content=\"Bevestiging | Artone\" \/>\n<meta property=\"og:description\" content=\"Bedankt dat je contact met ons hebt opgenomen!Je aanvraag is succesvol verzonden.We verwerken het en nemen zo snel mogelijk contact met je op.\" \/>\n<meta property=\"og:url\" content=\"https:\/\/www.artone.be\/nl\/bevestiging\/\" \/>\n<meta property=\"og:site_name\" content=\"Artone\" \/>\n<meta property=\"article:modified_time\" content=\"2024-09-24T12:36:43+00:00\" \/>\n<meta name=\"twitter:card\" content=\"summary_large_image\" \/>\n<meta name=\"twitter:label1\" content=\"Geschatte leestijd\" \/>\n\t<meta name=\"twitter:data1\" content=\"1 minuut\" \/>\n<script type=\"application\/ld+json\" class=\"yoast-schema-graph\">{\"@context\":\"https:\\\/\\\/schema.org\",\"@graph\":[{\"@type\":\"WebPage\",\"@id\":\"https:\\\/\\\/www.artone.be\\\/nl\\\/bevestiging\\\/\",\"url\":\"https:\\\/\\\/www.artone.be\\\/nl\\\/bevestiging\\\/\",\"name\":\"Bevestiging | Artone\",\"isPartOf\":{\"@id\":\"https:\\\/\\\/www.artone.be\\\/nl\\\/#website\"},\"datePublished\":\"2022-04-26T13:56:47+00:00\",\"dateModified\":\"2024-09-24T12:36:43+00:00\",\"breadcrumb\":{\"@id\":\"https:\\\/\\\/www.artone.be\\\/nl\\\/bevestiging\\\/#breadcrumb\"},\"inLanguage\":\"nl-BE\",\"potentialAction\":[{\"@type\":\"ReadAction\",\"target\":[\"https:\\\/\\\/www.artone.be\\\/nl\\\/bevestiging\\\/\"]}]},{\"@type\":\"BreadcrumbList\",\"@id\":\"https:\\\/\\\/www.artone.be\\\/nl\\\/bevestiging\\\/#breadcrumb\",\"itemListElement\":[{\"@type\":\"ListItem\",\"position\":1,\"name\":\"Accueil\",\"item\":\"https:\\\/\\\/www.artone.be\\\/nl\\\/\"},{\"@type\":\"ListItem\",\"position\":2,\"name\":\"Bevestiging\"}]},{\"@type\":\"WebSite\",\"@id\":\"https:\\\/\\\/www.artone.be\\\/nl\\\/#website\",\"url\":\"https:\\\/\\\/www.artone.be\\\/nl\\\/\",\"name\":\"Artone\",\"description\":\"\",\"potentialAction\":[{\"@type\":\"SearchAction\",\"target\":{\"@type\":\"EntryPoint\",\"urlTemplate\":\"https:\\\/\\\/www.artone.be\\\/nl\\\/?s={search_term_string}\"},\"query-input\":{\"@type\":\"PropertyValueSpecification\",\"valueRequired\":true,\"valueName\":\"search_term_string\"}}],\"inLanguage\":\"nl-BE\"}]}<\/script>\n<!-- \/ Yoast SEO plugin. -->","yoast_head_json":{"title":"Bevestiging | Artone","robots":{"index":"index","follow":"follow","max-snippet":"max-snippet:-1","max-image-preview":"max-image-preview:large","max-video-preview":"max-video-preview:-1"},"canonical":"https:\/\/www.artone.be\/nl\/bevestiging\/","og_locale":"nl_BE","og_type":"article","og_title":"Bevestiging | Artone","og_description":"Bedankt dat je contact met ons hebt opgenomen!Je aanvraag is succesvol verzonden.We verwerken het en nemen zo snel mogelijk contact met je op.","og_url":"https:\/\/www.artone.be\/nl\/bevestiging\/","og_site_name":"Artone","article_modified_time":"2024-09-24T12:36:43+00:00","twitter_card":"summary_large_image","twitter_misc":{"Geschatte leestijd":"1 minuut"},"schema":{"@context":"https:\/\/schema.org","@graph":[{"@type":"WebPage","@id":"https:\/\/www.artone.be\/nl\/bevestiging\/","url":"https:\/\/www.artone.be\/nl\/bevestiging\/","name":"Bevestiging | Artone","isPartOf":{"@id":"https:\/\/www.artone.be\/nl\/#website"},"datePublished":"2022-04-26T13:56:47+00:00","dateModified":"2024-09-24T12:36:43+00:00","breadcrumb":{"@id":"https:\/\/www.artone.be\/nl\/bevestiging\/#breadcrumb"},"inLanguage":"nl-BE","potentialAction":[{"@type":"ReadAction","target":["https:\/\/www.artone.be\/nl\/bevestiging\/"]}]},{"@type":"BreadcrumbList","@id":"https:\/\/www.artone.be\/nl\/bevestiging\/#breadcrumb","itemListElement":[{"@type":"ListItem","position":1,"name":"Accueil","item":"https:\/\/www.artone.be\/nl\/"},{"@type":"ListItem","position":2,"name":"Bevestiging"}]},{"@type":"WebSite","@id":"https:\/\/www.artone.be\/nl\/#website","url":"https:\/\/www.artone.be\/nl\/","name":"Artone","description":"","potentialAction":[{"@type":"SearchAction","target":{"@type":"EntryPoint","urlTemplate":"https:\/\/www.artone.be\/nl\/?s={search_term_string}"},"query-input":{"@type":"PropertyValueSpecification","valueRequired":true,"valueName":"search_term_string"}}],"inLanguage":"nl-BE"}]}},"_links":{"self":[{"href":"https:\/\/www.artone.be\/nl\/wp-json\/wp\/v2\/pages\/4401","targetHints":{"allow":["GET"]}}],"collection":[{"href":"https:\/\/www.artone.be\/nl\/wp-json\/wp\/v2\/pages"}],"about":[{"href":"https:\/\/www.artone.be\/nl\/wp-json\/wp\/v2\/types\/page"}],"author":[{"embeddable":true,"href":"https:\/\/www.artone.be\/nl\/wp-json\/wp\/v2\/users\/1"}],"replies":[{"embeddable":true,"href":"https:\/\/www.artone.be\/nl\/wp-json\/wp\/v2\/comments?post=4401"}],"version-history":[{"count":3,"href":"https:\/\/www.artone.be\/nl\/wp-json\/wp\/v2\/pages\/4401\/revisions"}],"predecessor-version":[{"id":4931,"href":"https:\/\/www.artone.be\/nl\/wp-json\/wp\/v2\/pages\/4401\/revisions\/4931"}],"wp:attachment":[{"href":"https:\/\/www.artone.be\/nl\/wp-json\/wp\/v2\/media?parent=4401"}],"curies":[{"name":"wp","href":"https:\/\/api.w.org\/{rel}","templated":true}]}}